{"id":3,"date":"2023-07-12T17:56:42","date_gmt":"2023-07-12T15:56:42","guid":{"rendered":"http:\/\/de-bianchi.com\/?page_id=3"},"modified":"2023-10-05T10:18:10","modified_gmt":"2023-10-05T08:18:10","slug":"politique-de-confidentialite","status":"publish","type":"page","link":"https:\/\/de-bianchi.com\/?page_id=3","title":{"rendered":"Politique de confidentialit\u00e9"},"content":{"rendered":"\t\t<div data-elementor-type=\"wp-page\" data-elementor-id=\"3\" class=\"elementor elementor-3\">\n\t\t\t\t\t\t\t\t\t<section class=\"elementor-section elementor-top-section elementor-element elementor-element-7f6b1662 elementor-section-boxed elementor-section-height-default elementor-section-height-default qodef-elementor-content-no\" data-id=\"7f6b1662\" data-element_type=\"section\">\n\t\t\t\t\t\t<div class=\"elementor-container elementor-column-gap-default\">\n\t\t\t\t\t<div class=\"elementor-column elementor-col-100 elementor-top-column elementor-element elementor-element-4fb91ba5 qodef-sticky-column--no\" data-id=\"4fb91ba5\" data-element_type=\"column\">\n\t\t\t<div class=\"elementor-widget-wrap elementor-element-populated\">\n\t\t\t\t\t\t\t\t<div class=\"elementor-element elementor-element-45361d96 elementor-widget elementor-widget-text-editor\" data-id=\"45361d96\" data-element_type=\"widget\" data-widget_type=\"text-editor.default\">\n\t\t\t\t<div class=\"elementor-widget-container\">\n\t\t\t<style>\/*! elementor - v3.14.0 - 26-06-2023 *\/\n.elementor-widget-text-editor.elementor-drop-cap-view-stacked .elementor-drop-cap{background-color:#69727d;color:#fff}.elementor-widget-text-editor.elementor-drop-cap-view-framed .elementor-drop-cap{color:#69727d;border:3px solid;background-color:transparent}.elementor-widget-text-editor:not(.elementor-drop-cap-view-default) .elementor-drop-cap{margin-top:8px}.elementor-widget-text-editor:not(.elementor-drop-cap-view-default) .elementor-drop-cap-letter{width:1em;height:1em}.elementor-widget-text-editor .elementor-drop-cap{float:left;text-align:center;line-height:1;font-size:50px}.elementor-widget-text-editor .elementor-drop-cap-letter{display:inline-block}<\/style>\t\t\t\t<!-- wp:heading -->\n<h2 class=\"p1\"><b>Politique de confidentialit\u00e9 www.de-bianchi.com<\/b><\/h2>\n<p class=\"p2\">L\u2019adresse de notre site web est : <span class=\"s1\">www.de-bianchi.com<\/span><\/p>\n<p class=\"p2\">Ce site est la propri\u00e9t\u00e9 de la soci\u00e9t\u00e9 :<\/p>\n<p class=\"p2\"><br \/>E.I AW IMPORTS &amp; CONSULTING<\/p>\n<p class=\"p2\">13 chemin du triangle austral 97419 La Possession.<\/p>\n<p class=\"p2\">T\u00e9l : +262 6 92 91 13 13<br \/>E-mail : awic@awic.fr<\/p>\n<p class=\"p2\">Immatricul\u00e9e en France au RCS de Saint-Denis de La Reunion sous le n\u00b0 897 581 708<\/p>\n<h2 class=\"p1\"><b>Directeur de la publications : De-Bianchi<\/b><\/h2>\n<p class=\"p2\">Ce site est publi\u00e9 par Adons<br \/>H\u00e9bergeur du site\u00a0: OVH SAS<\/p>\n<h2 class=\"p1\"><b>Utilisation des donn\u00e9es personnelles collect\u00e9es<\/b><\/h2>\n<p class=\"p2\">Une donn\u00e9e \u00e0 caract\u00e8re personnel d\u00e9signe toute information se rapportant \u00e0 une personne<br \/>physique identifi\u00e9e ou identifiable. Nous sommes susceptibles de recueillir et de conserver<br \/>vos donn\u00e9es \u00e0 caract\u00e8re personnel lorsque vous publiez des commentaires et\/ou cliquez sur<br \/>des publicit\u00e9s.<\/p>\n<h2 class=\"p1\"><b>Commentaires<\/b><\/h2>\n<p class=\"p2\">Quand vous laissez un commentaire sur notre site web, les donn\u00e9es inscrites dans le<br \/>formulaire de commentaire, mais aussi votre adresse IP et l\u2019agent utilisateur de votre<br \/>navigateur sont collect\u00e9s pour nous aider \u00e0 la d\u00e9tection des commentaires ind\u00e9sirables.<br \/>L\u2019auteur d\u2019un commentaire doit renseigner uniquement son pr\u00e9nom et son adresse mail.<br \/>Seul le pr\u00e9nom de l\u2019utilisateur est publi\u00e9 avec le commentaire afin qu\u2019aucun visiteur ne<br \/>puisse remonter jusqu\u2019\u00e0 lui. Les informations \u00e0 caract\u00e8re personnel indiqu\u00e9es peuvent \u00eatre<br \/>rectifi\u00e9es ou supprim\u00e9es \u00e0 tout moment sur demande de l\u2019utilisateur en employant notre<br \/>formulaire de contact.<br \/>Les commentaires des visiteurs peuvent \u00eatre v\u00e9rifi\u00e9s \u00e0 l\u2019aide d\u2019un service automatis\u00e9 de<br \/>d\u00e9tection des commentaires ind\u00e9sirables. Si vous laissez un commentaire, le commentaire<br \/>et ses m\u00e9tadonn\u00e9es sont conserv\u00e9s ind\u00e9finiment.<\/p>\n<h2 class=\"p1\"><b>Formulaires de contact<\/b><\/h2>\n<p class=\"p2\">Nous utilisons un formulaire de contact pour vous permettre de nous contacter en cas de<br \/>besoin.<\/p>\n<h2 class=\"p1\"><b>Outils utilis\u00e9s pour am\u00e9liorer l\u2019interactivit\u00e9 du site<\/b><\/h2>\n<p class=\"p2\">Le site www.de-bianchi.com s\u2019appuie sur certains services propos\u00e9s par des sites tiers afin<br \/>d\u2019am\u00e9liorer l\u2019interactivit\u00e9 sur site Web. Ces fonctionnalit\u00e9s utilisent des cookies tiers<br \/>directement d\u00e9pos\u00e9s par ces services.<\/p>\n<h2 class=\"p1\"><b>Statistiques et mesures d\u2019audience<\/b><\/h2>\n<p class=\"p2\">En vue d\u2019adapter notre site aux demandes de nos visiteurs et de l\u2019am\u00e9liorer afin de vous<br \/>proposer du contenu pertinent, nous mesurons les sources d\u2019acc\u00e8s \u00e0 notre site, le nombre<br \/>de visites, le nombre de pages vues ainsi que l\u2019activit\u00e9 des visiteurs sur le site et leur<br \/>fr\u00e9quence de retour. L\u2019outil de statistiques utilis\u00e9 sur notre site Web\u00a0 est Google Analytics.<br \/>Notre utilisation de l\u2019outil de statistiques d\u2019audience ne nous permet pas de vous identifier.<br \/>Nous avons personnalis\u00e9 notre code de suivi pour activer le masquage des adresses IP.<br \/>Ainsi, toutes les adresses IP des utilisateurs de notre site web sont anonymes dans Google<br \/>Analytics.<br \/>Pour conna\u00eetre la politique de confidentialit\u00e9 de Google Analytics, nous vous invitons \u00e0<br \/>consulter la page suivante : Politique de confidentialit\u00e9 Google. Le lien suivant vous permet<br \/>d\u2019enregistrer un cookie dans votre navigateur afin de d\u00e9sactiver les cookies de mesure<br \/>d\u2019audience : https:\/\/tools.google.com\/dlpage\/gaoptout?hl=fr<br \/>Les donn\u00e9es recueillies par l\u2019interm\u00e9diaire des cookies d\u2019audience sont utilis\u00e9es par<br \/>www.de-bianchi.com afin de mesurer et analyser l\u2019audience du site Web et conserv\u00e9es pour une<br \/>dur\u00e9e ind\u00e9termin\u00e9e. Elles ne sont pas c\u00e9d\u00e9es \u00e0 des tiers ni utilis\u00e9es \u00e0 d\u2019autres fins.<\/p>\n<h2 class=\"p1\"><b>S\u00e9curit\u00e9 des adresses IP<\/b><\/h2>\n<p class=\"p2\">Les adresses IP des visiteurs du site sont utilis\u00e9es pour v\u00e9rifier qu\u2019elles n\u2019ont pas pour<br \/>objectif de lui nuire. Le but est de prot\u00e9ger le site de toute sorte d\u2019attaque : force brute, vol de<br \/>cookie, intrusions, maliciels (virus, vers, chevaux de troie et programmes malveillants),<br \/>d\u00e9nis de service, etc. Il s\u2019agit \u00e9galement de se pr\u00e9munir contre les attaques de robots. Si<br \/>votre adresse IP est consid\u00e9r\u00e9e comme malveillante, elle est partag\u00e9e dans une base de<br \/>donn\u00e9es afin de prot\u00e9ger d\u2019autres sites Internet.<br \/>Notre s\u00e9curit\u00e9 ip est compatible avec RGPD. Cette extension n\u2019envoie pas de donn\u00e9es<br \/>personnelles depuis notre site web. L\u2019extension peut stocker des adresses IP de visiteurs si<br \/>elle pense qu\u2019il s\u2019agit d\u2019attaques, seulement pour des raisons de s\u00e9curit\u00e9 et de fonctionnalit\u00e9.<br \/>Il est impossible de relier ces adresses IP \u00e0 des personnes, des sites, impossible d\u2019identifier<br \/>pr\u00e9cis\u00e9ment \u00e0 qui elles appartiennent \u00e0 un instant T. Ces donn\u00e9es ne sont stock\u00e9es que<br \/>pour des comparaisons de v\u00e9rification, et aucun autre but. Les donn\u00e9es collect\u00e9es sont<br \/>conserv\u00e9es pendant une dur\u00e9e illimit\u00e9e. Elles ne sont pas c\u00e9d\u00e9es \u00e0 des tiers.<\/p>\n<h2 class=\"p3\"><b>Les Cookies<\/b><\/h2>\n<h4 class=\"p4\"><b>Pr\u00e9sentation<\/b><\/h4>\n<p class=\"p2\">Un \u00ab\u00a0cookie\u00a0\u00bb est une suite d\u2019informations, g\u00e9n\u00e9ralement de petite taille et identifi\u00e9 par un nom,<br \/>qui peut \u00eatre transmis \u00e0 votre navigateur par un site web sur lequel vous vous connectez.<br \/>Votre navigateur web le conservera pendant une certaine dur\u00e9e, et le renverra au serveur<br \/>web chaque fois que vous vous y re-connecterez.<br \/>Ces cookies permettent au site de fonctionner de mani\u00e8re optimale. Vous pouvez vous y<br \/>opposer et les supprimer en utilisant les param\u00e8tres de votre navigateur, cependant votre<br \/>exp\u00e9rience utilisateur risque d\u2019\u00eatre d\u00e9grad\u00e9e.<\/p>\n<p class=\"p5\"><span class=\"s2\">Cookies internes n\u00e9cessaire au fonctionnement du site web De-Bianchi<br \/><a href=\"https:\/\/opt-out.ferank.eu\/fr\/service\/googletagmanager\/\"><span class=\"s3\">https:\/\/opt-out.ferank.eu\/fr\/service\/googletagmanager\/<\/span><\/a><br \/><a href=\"https:\/\/opt-out.ferank.eu\/fr\/service\/recaptcha\/\"><span class=\"s3\">https:\/\/opt-out.ferank.eu\/fr\/service\/recaptcha\/<\/span><\/a><br \/><a href=\"https:\/\/opt-out.ferank.eu\/fr\/service\/vimeo\"><span class=\"s3\">https:\/\/opt-out.ferank.eu\/fr\/service\/vimeo<\/span><\/a><br \/><a href=\"https:\/\/opt-out.ferank.eu\/fr\/service\/youtube\/\"><span class=\"s3\">https:\/\/opt-out.ferank.eu\/fr\/service\/youtube\/<\/span><\/a><\/span><\/p>\n<h4 class=\"p1\"><b>Cookies de mesure d\u2019audience<\/b><\/h4>\n<p class=\"p2\">En vue d\u2019adapter le site aux demandes de ses visiteurs, nous mesurons le nombre de<br \/>visites, le nombre de pages vues ainsi que l\u2019activit\u00e9 des visiteurs sur le site et leur fr\u00e9quence<br \/>de retour.<\/p>\n<p class=\"p2\">L\u2019outil de statistiques utilis\u00e9 par DE-BIANCHI, g\u00e9n\u00e8re les cookies suivants :<br \/>https:\/\/opt-out.ferank.eu\/fr\/service\/googletagmanager<\/p>\n<p class=\"p2\">Nous collectons \u00e9galement votre adresse IP, afin de d\u00e9terminer la ville depuis laquelle vous<br \/>vous connectez. Anonymis\u00e9e apr\u00e8s utilisation, cette information ne permet pas d\u2019identifier<br \/>une personne physique.<\/p>\n<p class=\"p2\">Les donn\u00e9es personnelles recueillies (identifiant du cookie) sont conserv\u00e9es par DE-BIANCHI pour une dur\u00e9e de 13 mois. Elles ne sont pas c\u00e9d\u00e9es \u00e0 des tiers ni utilis\u00e9es \u00e0 d\u2019autres fins.<br \/>Vous pouvez choisir de refuser les cookies et l\u2019analyse statistique de vos donn\u00e9es de<br \/>navigation.<\/p>\n<p class=\"p2\">Vous \u00eates libre d\u2019accepter ou de refuser les cookies en configurant votre navigateur<br \/>(d\u00e9sactivation de tout ou partie des cookies \u2013 voir manuel de votre navigateur Web ou<br \/>fonction d\u2019aide).<\/p>\n<p class=\"p2\">Vous trouverez ici des informations concernant la proc\u00e9dure pour supprimer les cookies sur<br \/>les navigateurs les plus utilis\u00e9s :<br \/>\u2022 Microsoft Internet Explorer : Proc\u00e9dure<br \/>\u2022 Mozilla Firefox : Proc\u00e9dure<br \/>\u2022 Google Chrome : Proc\u00e9dure<br \/>\u2022 Apple Safari : Proc\u00e9dure<br \/>\u2022 Opera : Proc\u00e9dure<\/p>\n<p class=\"p2\">La d\u00e9sactivation des cookies peut entra\u00eener l\u2019indisponibilit\u00e9 de certains services auxquels ils<br \/>sont associ\u00e9s.<\/p>\n<p class=\"p2\">Cookies tiers destin\u00e9s \u00e0 am\u00e9liorer l\u2019interactivit\u00e9 du site.<br \/>Le site de DE-BIANCHI s\u2019appuie sur certains services propos\u00e9s par des sites tiers. Il s\u2019agit<br \/>notamment :<br \/>\u2022 Des vid\u00e9os diffus\u00e9es sur le site (Vim\u00e9o et YouTube)<br \/>\u2022 De services int\u00e9gr\u00e9s (CrossTalent et AWS)<br \/>\u2022 Recaptcha (formulaire de contact)<\/p>\n<p class=\"p2\">Ces fonctionnalit\u00e9s utilisent des cookies tiers directement d\u00e9pos\u00e9s par ces services. Lors de<br \/>votre premi\u00e8re visite sur www.de-bianchi.com, un bandeau vous informe de la pr\u00e9sence de ces<br \/>cookies et vous invite \u00e0 indiquer votre choix. Ils ne sont d\u00e9pos\u00e9s que si vous les acceptez ou<br \/>que vous poursuivez votre navigation sur le site en visitant une seconde page de cnil.fr.<br \/>Vous pouvez \u00e0 tout moment vous informer et param\u00e9trer vos cookies pour les accepter ou<br \/>les refuser en vous rendant sur la page pr\u00e9sente en haut de chaque page du site. Vous<br \/>pourrez indiquer votre pr\u00e9f\u00e9rence soit globalement pour le site, soit service par service.<\/p>\n<p class=\"p2\">Vous trouverez ici des informations concernant la proc\u00e9dure pour supprimer les cookies sur<br \/>les navigateurs les plus utilis\u00e9s :<br \/>\u2022 Microsoft Internet Explorer : Proc\u00e9dure<br \/>\u2022 Mozilla Firefox : Proc\u00e9dure<br \/>\u2022 Google Chrome : Proc\u00e9dure<br \/>\u2022 Apple Safari : Proc\u00e9dure<br \/>\u2022 Opera : Proc\u00e9dure<\/p>\n<p class=\"p6\"><span class=\"s2\">La d\u00e9sactivation des cookies peut entra\u00eener l\u2019indisponibilit\u00e9 de certains services auxquels ils<br \/>sont associ\u00e9s.<br \/><a href=\"https:\/\/opt-out.ferank.eu\/fr\/service\/recaptcha\/\"><span class=\"s3\">https:\/\/opt-out.ferank.eu\/fr\/service\/recaptcha\/<\/span><\/a><br \/><a href=\"https:\/\/opt-out.ferank.eu\/fr\/service\/vimeo\"><span class=\"s3\">https:\/\/opt-out.ferank.eu\/fr\/service\/vimeo<\/span><\/a><br \/><a href=\"https:\/\/opt-out.ferank.eu\/fr\/service\/youtube\/\"><span class=\"s3\">https:\/\/opt-out.ferank.eu\/fr\/service\/youtube\/<\/span><\/a><\/span><\/p>\n<p class=\"p2\">\u00a0<\/p>\n<h2 class=\"p1\"><b>Vos droits sur vos donn\u00e9es personnelles<\/b><\/h2>\n<p class=\"p2\">\u00c0 tout moment, vous disposez d\u2019un droit d\u2019acc\u00e8s \u00e0 vos donn\u00e9es personnelles conserv\u00e9es<br \/>par notre site Web. Pour cela, nous vous invitons \u00e0 nous contacter en utilisant notre<br \/>formulaire de contact.<\/p>\n<p class=\"p2\">Vous pouvez \u00e9galement demander \u00e0 tout moment la modification ou la suppression des<br \/>donn\u00e9es personnelles vous concernant. Cela ne prend pas en compte les donn\u00e9es stock\u00e9es<br \/>\u00e0 des fins administratives, l\u00e9gales ou pour des raisons de s\u00e9curit\u00e9.<br \/><br \/><b>Protection de vos donn\u00e9es personnelles<\/b><br \/>Nous avons mis en place des mesures de s\u00e9curit\u00e9 techniques et organisationnelles en vue<br \/>de garantir la s\u00e9curit\u00e9, l\u2019int\u00e9grit\u00e9 et la confidentialit\u00e9 de toutes vos donn\u00e9es \u00e0 caract\u00e8re<br \/>personnel.<\/p>\n<p class=\"p2\">L\u2019ensemble des donn\u00e9es de notre site internet sont stock\u00e9es chez notre h\u00e9bergeur Ionos.<br \/>Pour conna\u00eetre la politique de confidentialit\u00e9 de notre h\u00e9bergeur, nous vous invitons \u00e0<br \/>consulter la page suivante : Protection des donn\u00e9es personnelles chez Ionos.<\/p>\n<p class=\"p2\">De plus, vos donn\u00e9es personnelles sont chiffr\u00e9es et s\u00e9curis\u00e9es chaque fois qu\u2019elles sont<br \/>transmises sur les serveurs sur lesquels notre site web est h\u00e9berg\u00e9, et ce gr\u00e2ce au protocole<br \/>https.<\/p>\n<p class=\"p7\">Aucune mesure de s\u00e9curit\u00e9 n\u2019\u00e9tant infaillible,\u00a0<a href=\"http:\/\/www.de-bianchi.com\"><span class=\"s4\">www.de-bianchi.com<\/span><\/a>\u00a0n\u2019est pas en mesure de garantir<br \/>une s\u00e9curit\u00e9 absolue \u00e0 vos donn\u00e9es \u00e0 caract\u00e8re personnel.<\/p>\n<h2 class=\"p1\"><b>Informations de contact<\/b><\/h2>\n<p class=\"p2\">Le d\u00e9l\u00e9gu\u00e9 \u00e0 la protection des donn\u00e9es peut \u00eatre contact\u00e9 en utilisant notre formulaire de<br \/>contact.<\/p>\n<p class=\"p2\">Pour toute question ou toute information \u00e0 propos de vos donn\u00e9es personnelles, nous vous<br \/>invitons \u00e0 nous contacter en utilisant notre formulaire de contact ou en nous contactant au :<\/p>\n<p class=\"p4\"><b>De-Bianchi, 13 chemin du triangle austral, 97419, La Possession <\/b><\/p>\n<p class=\"p2\">Ile de la R\u00e9union<br \/>T\u00e9l : +262 692 91 13 13<\/p>\n<p class=\"p2\">e-mail : awic@awic.fr<br \/>Immatricul\u00e9e en France au RCS de Saint-Pierre de La R\u00e9union sous le n\u00b0 897 581 708<\/p>\n<!-- \/wp:paragraph -->\t\t\t\t\t\t<\/div>\n\t\t\t\t<\/div>\n\t\t\t\t\t<\/div>\n\t\t<\/div>\n\t\t\t\t\t\t\t<\/div>\n\t\t<\/section>\n\t\t\t\t\t\t\t<\/div>\n\t\t","protected":false},"excerpt":{"rendered":"<p>Politique de confidentialit\u00e9 www.de-bianchi.com L\u2019adresse de notre site web est : www.de-bianchi.com Ce site est la propri\u00e9t\u00e9 de la soci\u00e9t\u00e9 : E.I AW IMPORTS &amp; CONSULTING 13 chemin du triangle austral 97419 La Possession. T\u00e9l : +262 6 92 91 13 13E-mail : awic@awic.fr Immatricul\u00e9e en France au RCS de Saint-Denis de La Reunion sous [&hellip;]<\/p>\n","protected":false},"author":1,"featured_media":0,"parent":0,"menu_order":0,"comment_status":"closed","ping_status":"closed","template":"","meta":{"content-type":"","footnotes":""},"class_list":["post-3","page","type-page","status-publish","hentry"],"_links":{"self":[{"href":"https:\/\/de-bianchi.com\/index.php?rest_route=\/wp\/v2\/pages\/3","targetHints":{"allow":["GET"]}}],"collection":[{"href":"https:\/\/de-bianchi.com\/index.php?rest_route=\/wp\/v2\/pages"}],"about":[{"href":"https:\/\/de-bianchi.com\/index.php?rest_route=\/wp\/v2\/types\/page"}],"author":[{"embeddable":true,"href":"https:\/\/de-bianchi.com\/index.php?rest_route=\/wp\/v2\/users\/1"}],"replies":[{"embeddable":true,"href":"https:\/\/de-bianchi.com\/index.php?rest_route=%2Fwp%2Fv2%2Fcomments&post=3"}],"version-history":[{"count":5,"href":"https:\/\/de-bianchi.com\/index.php?rest_route=\/wp\/v2\/pages\/3\/revisions"}],"predecessor-version":[{"id":1899,"href":"https:\/\/de-bianchi.com\/index.php?rest_route=\/wp\/v2\/pages\/3\/revisions\/1899"}],"wp:attachment":[{"href":"https:\/\/de-bianchi.com\/index.php?rest_route=%2Fwp%2Fv2%2Fmedia&parent=3"}],"curies":[{"name":"wp","href":"https:\/\/api.w.org\/{rel}","templated":true}]}}