{"id":1802,"date":"2023-08-01T12:27:26","date_gmt":"2023-08-01T10:27:26","guid":{"rendered":"https:\/\/de-bianchi.com\/?page_id=1802"},"modified":"2023-10-05T09:45:27","modified_gmt":"2023-10-05T07:45:27","slug":"mentions-legales","status":"publish","type":"page","link":"https:\/\/de-bianchi.com\/?page_id=1802","title":{"rendered":"Mentions L\u00e9gales"},"content":{"rendered":"\t\t<div data-elementor-type=\"wp-page\" data-elementor-id=\"1802\" class=\"elementor elementor-1802\">\n\t\t\t\t\t\t\t\t\t<section class=\"elementor-section elementor-top-section elementor-element elementor-element-402f13a1 elementor-section-boxed elementor-section-height-default elementor-section-height-default qodef-elementor-content-no\" data-id=\"402f13a1\" data-element_type=\"section\">\n\t\t\t\t\t\t<div class=\"elementor-container elementor-column-gap-default\">\n\t\t\t\t\t<div class=\"elementor-column elementor-col-100 elementor-top-column elementor-element elementor-element-6e8724fd qodef-sticky-column--no\" data-id=\"6e8724fd\" data-element_type=\"column\">\n\t\t\t<div class=\"elementor-widget-wrap elementor-element-populated\">\n\t\t\t\t\t\t\t\t<div class=\"elementor-element elementor-element-3b76ee23 elementor-widget elementor-widget-text-editor\" data-id=\"3b76ee23\" data-element_type=\"widget\" data-widget_type=\"text-editor.default\">\n\t\t\t\t<div class=\"elementor-widget-container\">\n\t\t\t<style>\/*! elementor - v3.14.0 - 26-06-2023 *\/\n.elementor-widget-text-editor.elementor-drop-cap-view-stacked .elementor-drop-cap{background-color:#69727d;color:#fff}.elementor-widget-text-editor.elementor-drop-cap-view-framed .elementor-drop-cap{color:#69727d;border:3px solid;background-color:transparent}.elementor-widget-text-editor:not(.elementor-drop-cap-view-default) .elementor-drop-cap{margin-top:8px}.elementor-widget-text-editor:not(.elementor-drop-cap-view-default) .elementor-drop-cap-letter{width:1em;height:1em}.elementor-widget-text-editor .elementor-drop-cap{float:left;text-align:center;line-height:1;font-size:50px}.elementor-widget-text-editor .elementor-drop-cap-letter{display:inline-block}<\/style>\t\t\t\t<!-- wp:heading -->\n<h2>Mentions l\u00e9gales<\/h2>\n<!-- \/wp:heading --><!-- wp:paragraph -->\n<p class=\"p1\">E.I AW IMPORTS &amp; CONSULTING<\/p>\n<p class=\"p1\"><strong>Si\u00e8ge social<\/strong> : 13 Chemin du Triangle Austral, 97419 LA POSSESSION<\/p>\n<p class=\"p1\">SIREN : 897581708<br \/>N\u00b0 identifiant TVA : FR 13897581708<b> <\/b><\/p>\n<p class=\"p1\">T\u00e9l\u00e9phone : +262 6 92 91 13 13<\/p>\n<p class=\"p3\"><span class=\"s1\">Mail :\u00a0<a href=\"mailto:awic@awic.fr\"><span class=\"s2\">awic@awic.fr<\/span><\/a><\/span><\/p>\n<p>\u00a0<\/p>\n<p class=\"p1\"><strong>H\u00e9bergement<\/strong> : OVH SAS<br \/>2 rue Kellermann<\/p>\n<p class=\"p1\">59100 ROUBAIX FRANCE<\/p>\n<!-- \/wp:paragraph --><!-- wp:heading -->\n<h2>Acc\u00e8s de-bianchi.com<\/h2>\n<!-- \/wp:heading --><!-- wp:paragraph -->\n<p class=\"p1\">L\u2019utilisateur du site internet\u00a0<a href=\"http:\/\/www.de-bianchi.com\"><span class=\"s1\">www.de-bianchi.com<\/span><\/a><span class=\"Apple-converted-space\">\u00a0 <\/span>disposer de la comp\u00e9tence et des moyens n\u00e9cessaires pour acc\u00e9der et utiliser ce site internet. Conform\u00e9ment \u00e0 la loi du 6 janvier 1978 relative \u00e0 l&rsquo;informatique, aux fichiers et aux libert\u00e9s, le traitement automatis\u00e9 des donn\u00e9es nominatives r\u00e9alis\u00e9 \u00e0 partir du portail Internet a fait l&rsquo;objet d&rsquo;une d\u00e9claration aupr\u00e8s de la Commission Nationale de l&rsquo;Informatique et des Libert\u00e9s (CNIL &#8211;\u00a0<a href=\"https:\/\/www.cnil.fr\"><span class=\"s1\">www.cnil.fr<\/span><\/a>).<br \/>Les utilisateurs sur site web sont tenus de respecter les dispositions de la loi relative \u00e0 l\u2019informatique, aux fichiers et aux libert\u00e9s, dont la violation est passible de sanctions p\u00e9nales. Ils doivent notamment s\u2019abstenir, s\u2019agissant d\u2019informations nominatives auxquelles ils acc\u00e8dent, de toute collecte, de toute utilisation d\u00e9tourn\u00e9e et d\u2019une mani\u00e8re g\u00e9n\u00e9rale, de tout acte susceptible de porter atteinte \u00e0 la vie priv\u00e9e ou \u00e0 la r\u00e9putation des personnes.<\/p>\n<!-- \/wp:paragraph --><!-- wp:heading -->\n<h2>Contenu du site et fonctionnalit\u00e9s<\/h2>\n<!-- \/wp:heading --><!-- wp:paragraph -->\n<p class=\"p1\">AW IMPORTS &amp; CONSULTING met \u00e0 disposition des utilisateurs du site web <a href=\"http:\/\/www.de-bianchi.com\/\"><span class=\"s1\">www.de-bianchi.com<\/span><\/a> des informations et outils disponibles et v\u00e9rifi\u00e9s, mais elle ne saurait \u00eatre tenue pour responsable des erreurs ou de l\u2019indisponibilit\u00e9 de certaines informations.<br \/>Nous remercions les utilisateurs du site de nous faire part d\u2019\u00e9ventuelles omissions, erreurs ou corrections, en adressant un courriel \u00e0 l\u2019adresse <a href=\"mailto:awic@awic.fr\"><span class=\"s1\">awic@awic.fr<\/span><\/a> . Les fonctionnalit\u00e9s propos\u00e9es par AW IMPORTS &amp; CONSULTING s&rsquo;utilisent en application de ses Conditions G\u00e9n\u00e9rales de Vente.<\/p>\n<!-- \/wp:paragraph --><!-- wp:heading -->\n<h2>Propri\u00e9t\u00e9<\/h2>\n<!-- \/wp:heading --><!-- wp:paragraph -->\n<p class=\"p1\">La structure g\u00e9n\u00e9rale, ainsi que les logiciels, textes, images anim\u00e9es ou fixes, sons, savoir-faire, dessins, graphismes et tous autres \u00e9l\u00e9ments composant le site web<span class=\"Apple-converted-space\">\u00a0 <\/span><a href=\"http:\/\/www.de-bianchi.com\/\"><span class=\"s1\">www.de-bianchi.com<\/span><\/a> sont de l\u2019utilisation exclusive de AW IMPORTS &amp; CONSULTING.<br \/>Toute repr\u00e9sentation totale ou partielle de ce site, par quelques proc\u00e9d\u00e9s que ce soient, sans autorisation expresse de AW IMPORTS &amp; CONSULTING, est interdite et constituerait une contrefa\u00e7on sanctionn\u00e9e par les articles L335-2 et suivants du Code de la propri\u00e9t\u00e9 intellectuelle.<br \/>Les liens hypertextes mis en place dans le cadre du pr\u00e9sent site web en direction d&rsquo;autres ressources pr\u00e9sentes sur le r\u00e9seau internet, ne sauraient engager la responsabilit\u00e9 de AW IMPORTS &amp; CONSULTING.<br \/>Les utilisateurs et visiteurs du site web ne peuvent mettre en place un hyperlien en direction de ce site sans l&rsquo;autorisation expresse et pr\u00e9alable de AW IMPORTS &amp; CONSULTING. Pour cela merci d&rsquo;adresser un mail \u00e0<span class=\"Apple-converted-space\">\u00a0 <\/span><a href=\"mailto:awic@awic.fr\"><span class=\"s1\">awic@awic.fr<\/span><\/a><br \/><br \/>Les marques de AW IMPORTS &amp; CONSULTING figurant sur le site sont des marques d\u00e9pos\u00e9es. Toute reproduction totale ou partielle de ces marques sans autorisation expresse de AW IMPORTS &amp; CONSULTING est donc prohib\u00e9e. L\u2019utilisateur peut nous contacter pour formuler ce type de demande \u00e0 l&rsquo;adresse\u00a0 <a href=\"mailto:awic@awic.fr\"><span class=\"s1\">awic@awic.fr<\/span><\/a><\/p>\n<!-- \/wp:paragraph --><!-- wp:heading -->\n<h2>Donn\u00e9es personnelles, informatique et libert\u00e9<\/h2>\n<!-- \/wp:heading --><!-- wp:paragraph -->\n<p class=\"p1\">En conformit\u00e9 avec les dispositions de la loi du 6 janvier 1978 relative \u00e0 l\u2019informatique, aux fichiers et aux libert\u00e9s, le traitement automatis\u00e9 des donn\u00e9es nominatives r\u00e9alis\u00e9 \u00e0 partir du portail Internet a fait l\u2019objet d\u2019une d\u00e9claration aupr\u00e8s de la Commission Nationale de l\u2019Informatique et des Libert\u00e9s (CNIL &#8211;\u00a0<a href=\"https:\/\/www.cnil.fr\"><span class=\"s1\">www.cnil.fr<\/span><\/a>).<br \/><br \/>L\u2019utilisateur est notamment inform\u00e9, conform\u00e9ment \u00e0 l\u2019article 27 de la loi de 1978 susvis\u00e9e :<\/p>\n<p class=\"p1\">Que les renseignements donn\u00e9s \u00e0 partir des formulaires pr\u00e9sents sur le site web pourront \u00eatre transmis et exploit\u00e9s par AW IMPORTS &amp; CONSULTING.<\/p>\n<p class=\"p1\">Qu\u2019il dispose en outre d\u2019un droit d\u2019acc\u00e8s et de rectification portant sur ses donn\u00e9es.<\/p>\n<p class=\"p1\">Que les questions pr\u00e9c\u00e9d\u00e9es d\u2019un (*) ont un caract\u00e8re obligatoire.<\/p>\n<p class=\"p1\">Ce droit d\u2019acc\u00e8s et de rectification peut \u00eatre exerc\u00e9 par courrier \u00e9lectronique \u00e0 l\u2019adresse suivante<span class=\"Apple-converted-space\">\u00a0 <\/span><a href=\"mailto:awic@awic.fr\"><span class=\"s1\">awic@awic.fr<\/span><\/a><span class=\"Apple-converted-space\">\u00a0 <\/span>ou par courrier postal adress\u00e9 \u00e0 :<\/p>\n<p class=\"p1\">AW IMPORTS &amp; CONSULTING<br \/>13 Chemin du Triangle Austral<\/p>\n<p class=\"p1\">97419 LA POSSESSION<\/p>\n<p class=\"p1\">En cas de rectification, nous lui adresserons, sur simple demande, une copie des informations telles que rectifi\u00e9es.<br \/><br \/>Les informations personnelles concernant l\u2019utilisateur et collect\u00e9es dans le cadre du pr\u00e9sent site sont destin\u00e9es aux services autres soci\u00e9t\u00e9s charg\u00e9es par nos soins de r\u00e9pondre \u00e0 ses demandes.<br \/>Les adresses IP sont destin\u00e9es \u00e0 un usage purement technique et aux statistiques de consultation.<br \/>Les courriers et documents re\u00e7us ou envoy\u00e9s par le biais de la messagerie \u00e9lectronique sont conserv\u00e9s pendant une dur\u00e9e d\u2019un an et sont ensuite sauvegard\u00e9s. Les informations personnelles que l\u2019utilisateur nous communique sont conserv\u00e9es pendant une dur\u00e9e d\u2019un an puis archiv\u00e9es.<\/p>\n<p>\u00a0<\/p>\n<!-- \/wp:paragraph --><!-- wp:heading -->\n<h2>Loi applicable<\/h2>\n<!-- \/wp:heading --><!-- wp:paragraph -->\n<p class=\"p1\">L\u2019usage de ce site web est r\u00e9gi par la loi fran\u00e7aise \u00e0 l&rsquo;exception de toute autre l\u00e9gislation.<\/p>\n<!-- \/wp:paragraph -->\t\t\t\t\t\t<\/div>\n\t\t\t\t<\/div>\n\t\t\t\t\t<\/div>\n\t\t<\/div>\n\t\t\t\t\t\t\t<\/div>\n\t\t<\/section>\n\t\t\t\t\t\t\t<\/div>\n\t\t","protected":false},"excerpt":{"rendered":"<p>Mentions l\u00e9gales E.I AW IMPORTS &amp; CONSULTING Si\u00e8ge social : 13 Chemin du Triangle Austral, 97419 LA POSSESSION SIREN : 897581708N\u00b0 identifiant TVA : FR 13897581708 T\u00e9l\u00e9phone : +262 6 92 91 13 13 Mail :\u00a0awic@awic.fr \u00a0 H\u00e9bergement : OVH SAS2 rue Kellermann 59100 ROUBAIX FRANCE Acc\u00e8s de-bianchi.com L\u2019utilisateur du site internet\u00a0www.de-bianchi.com\u00a0 disposer de la [&hellip;]<\/p>\n","protected":false},"author":1,"featured_media":0,"parent":0,"menu_order":0,"comment_status":"closed","ping_status":"closed","template":"","meta":{"content-type":"","footnotes":""},"class_list":["post-1802","page","type-page","status-publish","hentry"],"_links":{"self":[{"href":"https:\/\/de-bianchi.com\/index.php?rest_route=\/wp\/v2\/pages\/1802","targetHints":{"allow":["GET"]}}],"collection":[{"href":"https:\/\/de-bianchi.com\/index.php?rest_route=\/wp\/v2\/pages"}],"about":[{"href":"https:\/\/de-bianchi.com\/index.php?rest_route=\/wp\/v2\/types\/page"}],"author":[{"embeddable":true,"href":"https:\/\/de-bianchi.com\/index.php?rest_route=\/wp\/v2\/users\/1"}],"replies":[{"embeddable":true,"href":"https:\/\/de-bianchi.com\/index.php?rest_route=%2Fwp%2Fv2%2Fcomments&post=1802"}],"version-history":[{"count":4,"href":"https:\/\/de-bianchi.com\/index.php?rest_route=\/wp\/v2\/pages\/1802\/revisions"}],"predecessor-version":[{"id":1890,"href":"https:\/\/de-bianchi.com\/index.php?rest_route=\/wp\/v2\/pages\/1802\/revisions\/1890"}],"wp:attachment":[{"href":"https:\/\/de-bianchi.com\/index.php?rest_route=%2Fwp%2Fv2%2Fmedia&parent=1802"}],"curies":[{"name":"wp","href":"https:\/\/api.w.org\/{rel}","templated":true}]}}